{"id":24763,"date":"2022-06-23T11:15:34","date_gmt":"2022-06-23T09:15:34","guid":{"rendered":"https:\/\/www.chamonixphotofestival.com\/godfather-of-the-festival\/"},"modified":"2024-01-25T14:23:41","modified_gmt":"2024-01-25T13:23:41","slug":"godfather-of-the-festival","status":"publish","type":"page","link":"https:\/\/www.chamonixphotofestival.com\/en\/godfather-of-the-festival\/","title":{"rendered":"Godfather of the festival"},"content":{"rendered":"\t\t<div data-elementor-type=\"wp-page\" data-elementor-id=\"24763\" class=\"elementor elementor-24763 elementor-18041\" data-elementor-post-type=\"page\">\n\t\t\t\t<div class=\"elementor-element elementor-element-842de2e e-con-full e-flex sc_layouts_column_icons_position_left e-con e-parent\" data-id=\"842de2e\" data-element_type=\"container\" data-e-type=\"container\" data-settings=\"{&quot;background_background&quot;:&quot;classic&quot;}\">\n\t\t<div class=\"e-con-with-custom-width e-con-gap-no elementor-element elementor-element-207062b e-con-full e-flex sc_layouts_column_icons_position_left e-con e-parent\" data-id=\"207062b\" data-element_type=\"container\" data-e-type=\"container\" data-settings=\"{&quot;background_background&quot;:&quot;classic&quot;}\">\n\t\t\t\t<\/div>\n\t\t<div class=\"e-con-with-custom-width elementor-element elementor-element-266adc3 e-con-full e-flex sc_layouts_column_icons_position_left e-con e-parent\" data-id=\"266adc3\" data-element_type=\"container\" data-e-type=\"container\">\n\t\t\t\t<div class=\"elementor-element elementor-element-edb7b7f sc_fly_static elementor-widget elementor-widget-trx_sc_title\" data-id=\"edb7b7f\" data-element_type=\"widget\" data-e-type=\"widget\" data-widget_type=\"trx_sc_title.default\">\n\t\t\t\t<div class=\"elementor-widget-container\">\n\t\t\t\t\t<div\t\tclass=\"sc_title sc_title_default\" ><h1 class=\"sc_item_title sc_title_title sc_item_title_style_default sc_item_title_tag\"\n\t\t\t><span class=\"sc_item_title_text\">J\u00e9remie Villet<\/span><\/h1><\/div>\t\t\t\t<\/div>\n\t\t\t\t<\/div>\n\t\t\t\t<div class=\"elementor-element elementor-element-acbd9cb sc_fly_static elementor-widget elementor-widget-text-editor\" data-id=\"acbd9cb\" data-element_type=\"widget\" data-e-type=\"widget\" data-widget_type=\"text-editor.default\">\n\t\t\t\t<div class=\"elementor-widget-container\">\n\t\t\t\t\t\t\t\t\t<p>J\u00e9remie is an image dreamer. Born in 1992, he grew up on a farm amidst fields.<br \/>An award-winning professional wildlife photographer at the Wildlife Photographer of the Year, he travels through the white deserts of the northern world with his skis and telephoto len<br \/>His monochrome shots, without retouching or artifice, capture moments of purity, far from the extreme conditions This immaculate setting has remained his childhood playground, and photography, his undeniable right to dream.<br \/>His photographs have received numerous awards and have been featured in many international magazines and books. \u00bb<\/p>\n\t\t\t\t\t\t\t\t<\/div>\n\t\t\t\t<\/div>\n\t\t\t\t<\/div>\n\t\t\t\t<\/div>\n\t\t<div class=\"elementor-element elementor-element-2a71bda e-flex e-con-boxed sc_layouts_column_icons_position_left e-con e-parent\" data-id=\"2a71bda\" data-element_type=\"container\" data-e-type=\"container\">\n\t\t\t\t\t<div class=\"e-con-inner\">\n\t\t<div class=\"e-con-with-custom-width elementor-element elementor-element-6c225fe e-con-full e-flex sc_layouts_column_icons_position_left e-con e-parent\" data-id=\"6c225fe\" data-element_type=\"container\" data-e-type=\"container\">\n\t\t\t\t<div class=\"elementor-element elementor-element-6d91eb6 sc_fly_static elementor-widget elementor-widget-image\" data-id=\"6d91eb6\" data-element_type=\"widget\" data-e-type=\"widget\" data-widget_type=\"image.default\">\n\t\t\t\t<div class=\"elementor-widget-container\">\n\t\t\t\t\t\t\t\t\t\t\t\t\t\t\t<img fetchpriority=\"high\" decoding=\"async\" width=\"480\" height=\"480\" src=\"https:\/\/www.chamonixphotofestival.com\/wp-content\/uploads\/2023\/05\/A\u0302ge-de-Glace.jpeg\" class=\"attachment-full size-full wp-image-24547\" alt=\"\" srcset=\"https:\/\/www.chamonixphotofestival.com\/wp-content\/uploads\/2023\/05\/A\u0302ge-de-Glace.jpeg 480w, https:\/\/www.chamonixphotofestival.com\/wp-content\/uploads\/2023\/05\/A\u0302ge-de-Glace-300x300.jpeg 300w, https:\/\/www.chamonixphotofestival.com\/wp-content\/uploads\/2023\/05\/A\u0302ge-de-Glace-150x150.jpeg 150w, https:\/\/www.chamonixphotofestival.com\/wp-content\/uploads\/2023\/05\/A\u0302ge-de-Glace-370x370.jpeg 370w, https:\/\/www.chamonixphotofestival.com\/wp-content\/uploads\/2023\/05\/A\u0302ge-de-Glace-120x120.jpeg 120w, https:\/\/www.chamonixphotofestival.com\/wp-content\/uploads\/2023\/05\/A\u0302ge-de-Glace-410x410.jpeg 410w\" sizes=\"(max-width: 600px) 100vw, 480px\" \/>\t\t\t\t\t\t\t\t\t\t\t\t\t\t\t<\/div>\n\t\t\t\t<\/div>\n\t\t\t\t<\/div>\n\t\t<div class=\"e-con-with-custom-width elementor-element elementor-element-4f51675 e-con-full e-flex sc_layouts_column_icons_position_left e-con e-parent\" data-id=\"4f51675\" data-element_type=\"container\" data-e-type=\"container\">\n\t\t\t\t<div class=\"elementor-element elementor-element-ac1de15 sc_fly_static elementor-widget elementor-widget-image\" data-id=\"ac1de15\" data-element_type=\"widget\" data-e-type=\"widget\" data-widget_type=\"image.default\">\n\t\t\t\t<div class=\"elementor-widget-container\">\n\t\t\t\t\t\t\t\t\t\t\t\t\t\t\t<img decoding=\"async\" width=\"480\" height=\"480\" src=\"https:\/\/www.chamonixphotofestival.com\/wp-content\/uploads\/2023\/05\/Ascension.jpeg\" class=\"attachment-full size-full wp-image-24548\" alt=\"\" srcset=\"https:\/\/www.chamonixphotofestival.com\/wp-content\/uploads\/2023\/05\/Ascension.jpeg 480w, https:\/\/www.chamonixphotofestival.com\/wp-content\/uploads\/2023\/05\/Ascension-300x300.jpeg 300w, https:\/\/www.chamonixphotofestival.com\/wp-content\/uploads\/2023\/05\/Ascension-150x150.jpeg 150w, https:\/\/www.chamonixphotofestival.com\/wp-content\/uploads\/2023\/05\/Ascension-370x370.jpeg 370w, https:\/\/www.chamonixphotofestival.com\/wp-content\/uploads\/2023\/05\/Ascension-120x120.jpeg 120w, https:\/\/www.chamonixphotofestival.com\/wp-content\/uploads\/2023\/05\/Ascension-410x410.jpeg 410w\" sizes=\"(max-width: 600px) 100vw, 480px\" \/>\t\t\t\t\t\t\t\t\t\t\t\t\t\t\t<\/div>\n\t\t\t\t<\/div>\n\t\t\t\t<\/div>\n\t\t<div class=\"e-con-with-custom-width elementor-element elementor-element-cbc711f e-con-full e-flex sc_layouts_column_icons_position_left e-con e-parent\" data-id=\"cbc711f\" data-element_type=\"container\" data-e-type=\"container\">\n\t\t\t\t<div class=\"elementor-element elementor-element-4dda658 sc_fly_static elementor-widget elementor-widget-image\" data-id=\"4dda658\" data-element_type=\"widget\" data-e-type=\"widget\" data-widget_type=\"image.default\">\n\t\t\t\t<div class=\"elementor-widget-container\">\n\t\t\t\t\t\t\t\t\t\t\t\t\t\t\t<img decoding=\"async\" width=\"480\" height=\"480\" src=\"https:\/\/www.chamonixphotofestival.com\/wp-content\/uploads\/2023\/05\/Sauvage.jpeg\" class=\"attachment-full size-full wp-image-24549\" alt=\"\" srcset=\"https:\/\/www.chamonixphotofestival.com\/wp-content\/uploads\/2023\/05\/Sauvage.jpeg 480w, https:\/\/www.chamonixphotofestival.com\/wp-content\/uploads\/2023\/05\/Sauvage-300x300.jpeg 300w, https:\/\/www.chamonixphotofestival.com\/wp-content\/uploads\/2023\/05\/Sauvage-150x150.jpeg 150w, https:\/\/www.chamonixphotofestival.com\/wp-content\/uploads\/2023\/05\/Sauvage-370x370.jpeg 370w, https:\/\/www.chamonixphotofestival.com\/wp-content\/uploads\/2023\/05\/Sauvage-120x120.jpeg 120w, https:\/\/www.chamonixphotofestival.com\/wp-content\/uploads\/2023\/05\/Sauvage-410x410.jpeg 410w\" sizes=\"(max-width: 600px) 100vw, 480px\" \/>\t\t\t\t\t\t\t\t\t\t\t\t\t\t\t<\/div>\n\t\t\t\t<\/div>\n\t\t\t\t<\/div>\n\t\t<div class=\"e-con-with-custom-width elementor-element elementor-element-aca20b6 e-con-full e-flex sc_layouts_column_icons_position_left e-con e-parent\" data-id=\"aca20b6\" data-element_type=\"container\" data-e-type=\"container\">\n\t\t\t\t<div class=\"elementor-element elementor-element-b2d9d47 sc_fly_static elementor-widget elementor-widget-image\" data-id=\"b2d9d47\" data-element_type=\"widget\" data-e-type=\"widget\" data-widget_type=\"image.default\">\n\t\t\t\t<div class=\"elementor-widget-container\">\n\t\t\t\t\t\t\t\t\t\t\t\t\t\t\t<img loading=\"lazy\" decoding=\"async\" width=\"480\" height=\"480\" src=\"https:\/\/www.chamonixphotofestival.com\/wp-content\/uploads\/2023\/05\/snow-fighter-2.jpeg\" class=\"attachment-full size-full wp-image-24550\" alt=\"\" srcset=\"https:\/\/www.chamonixphotofestival.com\/wp-content\/uploads\/2023\/05\/snow-fighter-2.jpeg 480w, https:\/\/www.chamonixphotofestival.com\/wp-content\/uploads\/2023\/05\/snow-fighter-2-300x300.jpeg 300w, https:\/\/www.chamonixphotofestival.com\/wp-content\/uploads\/2023\/05\/snow-fighter-2-150x150.jpeg 150w, https:\/\/www.chamonixphotofestival.com\/wp-content\/uploads\/2023\/05\/snow-fighter-2-370x370.jpeg 370w, https:\/\/www.chamonixphotofestival.com\/wp-content\/uploads\/2023\/05\/snow-fighter-2-120x120.jpeg 120w, https:\/\/www.chamonixphotofestival.com\/wp-content\/uploads\/2023\/05\/snow-fighter-2-410x410.jpeg 410w\" sizes=\"(max-width: 600px) 100vw, 480px\" \/>\t\t\t\t\t\t\t\t\t\t\t\t\t\t\t<\/div>\n\t\t\t\t<\/div>\n\t\t\t\t<\/div>\n\t\t<div class=\"e-con-with-custom-width elementor-element elementor-element-e1d7757 e-con-full e-flex sc_layouts_column_icons_position_left e-con e-parent\" data-id=\"e1d7757\" data-element_type=\"container\" data-e-type=\"container\">\n\t\t\t\t<div class=\"elementor-element elementor-element-02f152f sc_fly_static elementor-widget elementor-widget-image\" data-id=\"02f152f\" data-element_type=\"widget\" data-e-type=\"widget\" data-widget_type=\"image.default\">\n\t\t\t\t<div class=\"elementor-widget-container\">\n\t\t\t\t\t\t\t\t\t\t\t\t\t\t\t<img loading=\"lazy\" decoding=\"async\" width=\"480\" height=\"480\" src=\"https:\/\/www.chamonixphotofestival.com\/wp-content\/uploads\/2023\/05\/yellow-eyes.jpeg\" class=\"attachment-full size-full wp-image-24553\" alt=\"\" srcset=\"https:\/\/www.chamonixphotofestival.com\/wp-content\/uploads\/2023\/05\/yellow-eyes.jpeg 480w, https:\/\/www.chamonixphotofestival.com\/wp-content\/uploads\/2023\/05\/yellow-eyes-300x300.jpeg 300w, https:\/\/www.chamonixphotofestival.com\/wp-content\/uploads\/2023\/05\/yellow-eyes-150x150.jpeg 150w, https:\/\/www.chamonixphotofestival.com\/wp-content\/uploads\/2023\/05\/yellow-eyes-370x370.jpeg 370w, https:\/\/www.chamonixphotofestival.com\/wp-content\/uploads\/2023\/05\/yellow-eyes-120x120.jpeg 120w, https:\/\/www.chamonixphotofestival.com\/wp-content\/uploads\/2023\/05\/yellow-eyes-410x410.jpeg 410w\" sizes=\"(max-width: 600px) 100vw, 480px\" \/>\t\t\t\t\t\t\t\t\t\t\t\t\t\t\t<\/div>\n\t\t\t\t<\/div>\n\t\t\t\t<\/div>\n\t\t<div class=\"e-con-with-custom-width elementor-element elementor-element-c07e93a e-con-full e-flex sc_layouts_column_icons_position_left e-con e-parent\" data-id=\"c07e93a\" data-element_type=\"container\" data-e-type=\"container\">\n\t\t\t\t<div class=\"elementor-element elementor-element-6e1d72b sc_fly_static elementor-widget elementor-widget-image\" data-id=\"6e1d72b\" data-element_type=\"widget\" data-e-type=\"widget\" data-widget_type=\"image.default\">\n\t\t\t\t<div class=\"elementor-widget-container\">\n\t\t\t\t\t\t\t\t\t\t\t\t\t\t\t<img loading=\"lazy\" decoding=\"async\" width=\"480\" height=\"480\" src=\"https:\/\/www.chamonixphotofestival.com\/wp-content\/uploads\/2023\/05\/Snow-Leopard_70x70.jpeg\" class=\"attachment-large size-large wp-image-24552\" alt=\"\" srcset=\"https:\/\/www.chamonixphotofestival.com\/wp-content\/uploads\/2023\/05\/Snow-Leopard_70x70.jpeg 480w, https:\/\/www.chamonixphotofestival.com\/wp-content\/uploads\/2023\/05\/Snow-Leopard_70x70-300x300.jpeg 300w, https:\/\/www.chamonixphotofestival.com\/wp-content\/uploads\/2023\/05\/Snow-Leopard_70x70-150x150.jpeg 150w, https:\/\/www.chamonixphotofestival.com\/wp-content\/uploads\/2023\/05\/Snow-Leopard_70x70-370x370.jpeg 370w, https:\/\/www.chamonixphotofestival.com\/wp-content\/uploads\/2023\/05\/Snow-Leopard_70x70-120x120.jpeg 120w, https:\/\/www.chamonixphotofestival.com\/wp-content\/uploads\/2023\/05\/Snow-Leopard_70x70-410x410.jpeg 410w\" sizes=\"(max-width: 600px) 100vw, 480px\" \/>\t\t\t\t\t\t\t\t\t\t\t\t\t\t\t<\/div>\n\t\t\t\t<\/div>\n\t\t\t\t<\/div>\n\t\t\t\t\t<\/div>\n\t\t\t\t<\/div>\n\t\t\t\t<\/div>\n\t\t","protected":false},"excerpt":{"rendered":"<p>J\u00e9remie Villet J\u00e9remie is an image dreamer. Born in 1992, he grew up on a&hellip;<\/p>\n","protected":false},"author":1,"featured_media":0,"parent":0,"menu_order":0,"comment_status":"closed","ping_status":"closed","template":"","meta":{"_acf_changed":false,"footnotes":""},"class_list":["post-24763","page","type-page","status-publish","hentry"],"yoast_head":"<!-- This site is optimized with the Yoast SEO plugin v27.5 - https:\/\/yoast.com\/product\/yoast-seo-wordpress\/ -->\n<title>Godfather of the festival - Chamonix Vall\u00e9e Photo Festival<\/title>\n<meta name=\"robots\" content=\"index, follow, max-snippet:-1, max-image-preview:large, max-video-preview:-1\" \/>\n<link rel=\"canonical\" href=\"https:\/\/www.chamonixphotofestival.com\/en\/godfather-of-the-festival\/\" \/>\n<meta property=\"og:locale\" content=\"en_US\" \/>\n<meta property=\"og:type\" content=\"article\" \/>\n<meta property=\"og:title\" content=\"Godfather of the festival - Chamonix Vall\u00e9e Photo Festival\" \/>\n<meta property=\"og:description\" content=\"J\u00e9remie Villet J\u00e9remie is an image dreamer. Born in 1992, he grew up on a&hellip;\" \/>\n<meta property=\"og:url\" content=\"https:\/\/www.chamonixphotofestival.com\/en\/godfather-of-the-festival\/\" \/>\n<meta property=\"og:site_name\" content=\"Chamonix Vall\u00e9e Photo Festival\" \/>\n<meta property=\"article:publisher\" content=\"https:\/\/www.facebook.com\/chamonixphotofestival\" \/>\n<meta property=\"article:modified_time\" content=\"2024-01-25T13:23:41+00:00\" \/>\n<meta property=\"og:image\" content=\"https:\/\/www.chamonixphotofestival.com\/wp-content\/uploads\/2023\/05\/Ascension.jpeg\" \/>\n<meta name=\"twitter:card\" content=\"summary_large_image\" \/>\n<meta name=\"twitter:label1\" content=\"Est. reading time\" \/>\n\t<meta name=\"twitter:data1\" content=\"2 minutes\" \/>\n<script type=\"application\/ld+json\" class=\"yoast-schema-graph\">{\"@context\":\"https:\\\/\\\/schema.org\",\"@graph\":[{\"@type\":\"WebPage\",\"@id\":\"https:\\\/\\\/www.chamonixphotofestival.com\\\/en\\\/godfather-of-the-festival\\\/\",\"url\":\"https:\\\/\\\/www.chamonixphotofestival.com\\\/en\\\/godfather-of-the-festival\\\/\",\"name\":\"Godfather of the festival - Chamonix Vall\u00e9e Photo Festival\",\"isPartOf\":{\"@id\":\"https:\\\/\\\/www.chamonixphotofestival.com\\\/en\\\/#website\"},\"primaryImageOfPage\":{\"@id\":\"https:\\\/\\\/www.chamonixphotofestival.com\\\/en\\\/godfather-of-the-festival\\\/#primaryimage\"},\"image\":{\"@id\":\"https:\\\/\\\/www.chamonixphotofestival.com\\\/en\\\/godfather-of-the-festival\\\/#primaryimage\"},\"thumbnailUrl\":\"https:\\\/\\\/www.chamonixphotofestival.com\\\/wp-content\\\/uploads\\\/2023\\\/05\\\/Ascension.jpeg\",\"datePublished\":\"2022-06-23T09:15:34+00:00\",\"dateModified\":\"2024-01-25T13:23:41+00:00\",\"breadcrumb\":{\"@id\":\"https:\\\/\\\/www.chamonixphotofestival.com\\\/en\\\/godfather-of-the-festival\\\/#breadcrumb\"},\"inLanguage\":\"en-US\",\"potentialAction\":[{\"@type\":\"ReadAction\",\"target\":[\"https:\\\/\\\/www.chamonixphotofestival.com\\\/en\\\/godfather-of-the-festival\\\/\"]}]},{\"@type\":\"ImageObject\",\"inLanguage\":\"en-US\",\"@id\":\"https:\\\/\\\/www.chamonixphotofestival.com\\\/en\\\/godfather-of-the-festival\\\/#primaryimage\",\"url\":\"https:\\\/\\\/www.chamonixphotofestival.com\\\/wp-content\\\/uploads\\\/2023\\\/05\\\/Ascension.jpeg\",\"contentUrl\":\"https:\\\/\\\/www.chamonixphotofestival.com\\\/wp-content\\\/uploads\\\/2023\\\/05\\\/Ascension.jpeg\"},{\"@type\":\"BreadcrumbList\",\"@id\":\"https:\\\/\\\/www.chamonixphotofestival.com\\\/en\\\/godfather-of-the-festival\\\/#breadcrumb\",\"itemListElement\":[{\"@type\":\"ListItem\",\"position\":1,\"name\":\"Accueil\",\"item\":\"https:\\\/\\\/www.chamonixphotofestival.com\\\/en\\\/\"},{\"@type\":\"ListItem\",\"position\":2,\"name\":\"Godfather of the festival\"}]},{\"@type\":\"WebSite\",\"@id\":\"https:\\\/\\\/www.chamonixphotofestival.com\\\/en\\\/#website\",\"url\":\"https:\\\/\\\/www.chamonixphotofestival.com\\\/en\\\/\",\"name\":\"Chamonix Vall\u00e9e Photo Festival\",\"description\":\"Festival photo \u00e0 Chamonix Mont-Blanc\",\"publisher\":{\"@id\":\"https:\\\/\\\/www.chamonixphotofestival.com\\\/en\\\/#organization\"},\"potentialAction\":[{\"@type\":\"SearchAction\",\"target\":{\"@type\":\"EntryPoint\",\"urlTemplate\":\"https:\\\/\\\/www.chamonixphotofestival.com\\\/en\\\/?s={search_term_string}\"},\"query-input\":{\"@type\":\"PropertyValueSpecification\",\"valueRequired\":true,\"valueName\":\"search_term_string\"}}],\"inLanguage\":\"en-US\"},{\"@type\":\"Organization\",\"@id\":\"https:\\\/\\\/www.chamonixphotofestival.com\\\/en\\\/#organization\",\"name\":\"Chamonix Vall\u00e9e Photo Festival\",\"url\":\"https:\\\/\\\/www.chamonixphotofestival.com\\\/en\\\/\",\"logo\":{\"@type\":\"ImageObject\",\"inLanguage\":\"en-US\",\"@id\":\"https:\\\/\\\/www.chamonixphotofestival.com\\\/en\\\/#\\\/schema\\\/logo\\\/image\\\/\",\"url\":\"https:\\\/\\\/www.chamonixphotofestival.com\\\/wp-content\\\/uploads\\\/2023\\\/03\\\/chamonix-festival-vallee.png\",\"contentUrl\":\"https:\\\/\\\/www.chamonixphotofestival.com\\\/wp-content\\\/uploads\\\/2023\\\/03\\\/chamonix-festival-vallee.png\",\"width\":378,\"height\":158,\"caption\":\"Chamonix Vall\u00e9e Photo Festival\"},\"image\":{\"@id\":\"https:\\\/\\\/www.chamonixphotofestival.com\\\/en\\\/#\\\/schema\\\/logo\\\/image\\\/\"},\"sameAs\":[\"https:\\\/\\\/www.facebook.com\\\/chamonixphotofestival\",\"https:\\\/\\\/www.instagram.com\\\/chamonixphotofestival\\\/\"]}]}<\/script>\n<!-- \/ Yoast SEO plugin. -->","yoast_head_json":{"title":"Godfather of the festival - Chamonix Vall\u00e9e Photo Festival","robots":{"index":"index","follow":"follow","max-snippet":"max-snippet:-1","max-image-preview":"max-image-preview:large","max-video-preview":"max-video-preview:-1"},"canonical":"https:\/\/www.chamonixphotofestival.com\/en\/godfather-of-the-festival\/","og_locale":"en_US","og_type":"article","og_title":"Godfather of the festival - Chamonix Vall\u00e9e Photo Festival","og_description":"J\u00e9remie Villet J\u00e9remie is an image dreamer. Born in 1992, he grew up on a&hellip;","og_url":"https:\/\/www.chamonixphotofestival.com\/en\/godfather-of-the-festival\/","og_site_name":"Chamonix Vall\u00e9e Photo Festival","article_publisher":"https:\/\/www.facebook.com\/chamonixphotofestival","article_modified_time":"2024-01-25T13:23:41+00:00","og_image":[{"url":"https:\/\/www.chamonixphotofestival.com\/wp-content\/uploads\/2023\/05\/Ascension.jpeg","type":"","width":"","height":""}],"twitter_card":"summary_large_image","twitter_misc":{"Est. reading time":"2 minutes"},"schema":{"@context":"https:\/\/schema.org","@graph":[{"@type":"WebPage","@id":"https:\/\/www.chamonixphotofestival.com\/en\/godfather-of-the-festival\/","url":"https:\/\/www.chamonixphotofestival.com\/en\/godfather-of-the-festival\/","name":"Godfather of the festival - Chamonix Vall\u00e9e Photo Festival","isPartOf":{"@id":"https:\/\/www.chamonixphotofestival.com\/en\/#website"},"primaryImageOfPage":{"@id":"https:\/\/www.chamonixphotofestival.com\/en\/godfather-of-the-festival\/#primaryimage"},"image":{"@id":"https:\/\/www.chamonixphotofestival.com\/en\/godfather-of-the-festival\/#primaryimage"},"thumbnailUrl":"https:\/\/www.chamonixphotofestival.com\/wp-content\/uploads\/2023\/05\/Ascension.jpeg","datePublished":"2022-06-23T09:15:34+00:00","dateModified":"2024-01-25T13:23:41+00:00","breadcrumb":{"@id":"https:\/\/www.chamonixphotofestival.com\/en\/godfather-of-the-festival\/#breadcrumb"},"inLanguage":"en-US","potentialAction":[{"@type":"ReadAction","target":["https:\/\/www.chamonixphotofestival.com\/en\/godfather-of-the-festival\/"]}]},{"@type":"ImageObject","inLanguage":"en-US","@id":"https:\/\/www.chamonixphotofestival.com\/en\/godfather-of-the-festival\/#primaryimage","url":"https:\/\/www.chamonixphotofestival.com\/wp-content\/uploads\/2023\/05\/Ascension.jpeg","contentUrl":"https:\/\/www.chamonixphotofestival.com\/wp-content\/uploads\/2023\/05\/Ascension.jpeg"},{"@type":"BreadcrumbList","@id":"https:\/\/www.chamonixphotofestival.com\/en\/godfather-of-the-festival\/#breadcrumb","itemListElement":[{"@type":"ListItem","position":1,"name":"Accueil","item":"https:\/\/www.chamonixphotofestival.com\/en\/"},{"@type":"ListItem","position":2,"name":"Godfather of the festival"}]},{"@type":"WebSite","@id":"https:\/\/www.chamonixphotofestival.com\/en\/#website","url":"https:\/\/www.chamonixphotofestival.com\/en\/","name":"Chamonix Vall\u00e9e Photo Festival","description":"Festival photo \u00e0 Chamonix Mont-Blanc","publisher":{"@id":"https:\/\/www.chamonixphotofestival.com\/en\/#organization"},"potentialAction":[{"@type":"SearchAction","target":{"@type":"EntryPoint","urlTemplate":"https:\/\/www.chamonixphotofestival.com\/en\/?s={search_term_string}"},"query-input":{"@type":"PropertyValueSpecification","valueRequired":true,"valueName":"search_term_string"}}],"inLanguage":"en-US"},{"@type":"Organization","@id":"https:\/\/www.chamonixphotofestival.com\/en\/#organization","name":"Chamonix Vall\u00e9e Photo Festival","url":"https:\/\/www.chamonixphotofestival.com\/en\/","logo":{"@type":"ImageObject","inLanguage":"en-US","@id":"https:\/\/www.chamonixphotofestival.com\/en\/#\/schema\/logo\/image\/","url":"https:\/\/www.chamonixphotofestival.com\/wp-content\/uploads\/2023\/03\/chamonix-festival-vallee.png","contentUrl":"https:\/\/www.chamonixphotofestival.com\/wp-content\/uploads\/2023\/03\/chamonix-festival-vallee.png","width":378,"height":158,"caption":"Chamonix Vall\u00e9e Photo Festival"},"image":{"@id":"https:\/\/www.chamonixphotofestival.com\/en\/#\/schema\/logo\/image\/"},"sameAs":["https:\/\/www.facebook.com\/chamonixphotofestival","https:\/\/www.instagram.com\/chamonixphotofestival\/"]}]}},"acf":[],"_links":{"self":[{"href":"https:\/\/www.chamonixphotofestival.com\/en\/wp-json\/wp\/v2\/pages\/24763","targetHints":{"allow":["GET"]}}],"collection":[{"href":"https:\/\/www.chamonixphotofestival.com\/en\/wp-json\/wp\/v2\/pages"}],"about":[{"href":"https:\/\/www.chamonixphotofestival.com\/en\/wp-json\/wp\/v2\/types\/page"}],"author":[{"embeddable":true,"href":"https:\/\/www.chamonixphotofestival.com\/en\/wp-json\/wp\/v2\/users\/1"}],"replies":[{"embeddable":true,"href":"https:\/\/www.chamonixphotofestival.com\/en\/wp-json\/wp\/v2\/comments?post=24763"}],"version-history":[{"count":1,"href":"https:\/\/www.chamonixphotofestival.com\/en\/wp-json\/wp\/v2\/pages\/24763\/revisions"}],"predecessor-version":[{"id":24764,"href":"https:\/\/www.chamonixphotofestival.com\/en\/wp-json\/wp\/v2\/pages\/24763\/revisions\/24764"}],"wp:attachment":[{"href":"https:\/\/www.chamonixphotofestival.com\/en\/wp-json\/wp\/v2\/media?parent=24763"}],"curies":[{"name":"wp","href":"https:\/\/api.w.org\/{rel}","templated":true}]}}